{"id":645,"date":"2022-04-20T11:14:47","date_gmt":"2022-04-20T09:14:47","guid":{"rendered":"https:\/\/www.nord-ester.fr\/?page_id=645"},"modified":"2023-06-21T20:30:38","modified_gmt":"2023-06-21T18:30:38","slug":"a-propos","status":"publish","type":"page","link":"https:\/\/www.nord-ester.fr\/en\/a-propos","title":{"rendered":"About"},"content":{"rendered":"<div data-elementor-type=\"wp-page\" data-elementor-id=\"645\" class=\"elementor elementor-645\" data-elementor-post-type=\"page\">\n\t\t\t\t\t\t<section data-dce-background-image-url=\"https:\/\/www.nord-ester.fr\/wp-content\/uploads\/2022\/05\/DSC00393.jpg\" class=\"elementor-section elementor-top-section elementor-element elementor-element-5c5a825 elementor-section-height-min-height elementor-section-boxed elementor-section-height-default elementor-section-items-middle\" data-id=\"5c5a825\" data-element_type=\"section\" data-e-type=\"section\" data-settings=\"{&quot;background_background&quot;:&quot;classic&quot;}\">\n\t\t\t\t\t\t<div class=\"elementor-container elementor-column-gap-default\">\n\t\t\t\t\t<div class=\"elementor-column elementor-col-100 elementor-top-column elementor-element elementor-element-b9771f6\" data-id=\"b9771f6\" data-element_type=\"column\" data-e-type=\"column\">\n\t\t\t<div class=\"elementor-widget-wrap\">\n\t\t\t\t\t\t\t<\/div>\n\t\t<\/div>\n\t\t\t\t\t<\/div>\n\t\t<\/section>\n\t\t\t\t<section data-dce-background-image-url=\"https:\/\/www.nord-ester.fr\/wp-content\/uploads\/2021\/07\/vague_bleu-11.svg\" class=\"elementor-section elementor-top-section elementor-element elementor-element-4fd14cb elementor-section-full_width elementor-section-height-min-height elementor-section-height-default elementor-section-items-middle\" data-id=\"4fd14cb\" data-element_type=\"section\" data-e-type=\"section\" data-settings=\"{&quot;background_background&quot;:&quot;classic&quot;}\">\n\t\t\t\t\t\t<div class=\"elementor-container elementor-column-gap-default\">\n\t\t\t\t\t<div class=\"elementor-column elementor-col-100 elementor-top-column elementor-element elementor-element-ab40dcb\" data-id=\"ab40dcb\" data-element_type=\"column\" data-e-type=\"column\">\n\t\t\t<div class=\"elementor-widget-wrap\">\n\t\t\t\t\t\t\t<\/div>\n\t\t<\/div>\n\t\t\t\t\t<\/div>\n\t\t<\/section>\n\t\t\t\t<section class=\"elementor-section elementor-top-section elementor-element elementor-element-9ba4b4f elementor-section-boxed elementor-section-height-default elementor-section-height-default\" data-id=\"9ba4b4f\" data-element_type=\"section\" data-e-type=\"section\">\n\t\t\t\t\t\t<div class=\"elementor-container elementor-column-gap-default\">\n\t\t\t\t\t<div class=\"elementor-column elementor-col-50 elementor-top-column elementor-element elementor-element-a38718b header-buble left bottom\" data-id=\"a38718b\" data-element_type=\"column\" data-e-type=\"column\" data-settings=\"{&quot;background_background&quot;:&quot;classic&quot;}\">\n\t\t\t<div class=\"elementor-widget-wrap elementor-element-populated\">\n\t\t\t\t\t\t<div data-dce-title-color=\"#000000\" class=\"elementor-element elementor-element-9a7bae8 elementor-widget elementor-widget-heading\" data-id=\"9a7bae8\" data-element_type=\"widget\" data-e-type=\"widget\" data-widget_type=\"heading.default\">\n\t\t\t\t<div class=\"elementor-widget-container\">\n\t\t\t\t\t<h1 class=\"elementor-heading-title elementor-size-default\"><span>About<\/span> <\/h1>\t\t\t\t<\/div>\n\t\t\t\t<\/div>\n\t\t\t\t<div class=\"elementor-element elementor-element-cb42e51 elementor-widget elementor-widget-text-editor\" data-id=\"cb42e51\" data-element_type=\"widget\" data-e-type=\"widget\" data-widget_type=\"text-editor.default\">\n\t\t\t\t<div class=\"elementor-widget-container\">\n\t\t\t\t\t\t\t\t\t<p>Since the beginning, the factory has been operating 24 hours a day, 7 days a week and relies on the synergies of other departments and subsidiaries. History of Nord-Ester is closely linked to the site's historical company: Daudruy company.<\/p>\t\t\t\t\t\t\t\t<\/div>\n\t\t\t\t<\/div>\n\t\t\t\t\t<\/div>\n\t\t<\/div>\n\t\t\t\t<div class=\"elementor-column elementor-col-50 elementor-top-column elementor-element elementor-element-6e5d288\" data-id=\"6e5d288\" data-element_type=\"column\" data-e-type=\"column\">\n\t\t\t<div class=\"elementor-widget-wrap\">\n\t\t\t\t\t\t\t<\/div>\n\t\t<\/div>\n\t\t\t\t\t<\/div>\n\t\t<\/section>\n\t\t\t\t<section class=\"elementor-section elementor-top-section elementor-element elementor-element-0d6e99a elementor-section-boxed elementor-section-height-default elementor-section-height-default\" data-id=\"0d6e99a\" data-element_type=\"section\" data-e-type=\"section\">\n\t\t\t\t\t\t<div class=\"elementor-container elementor-column-gap-default\">\n\t\t\t\t\t<div class=\"elementor-column elementor-col-50 elementor-top-column elementor-element elementor-element-8a322a4\" data-id=\"8a322a4\" data-element_type=\"column\" data-e-type=\"column\">\n\t\t\t<div class=\"elementor-widget-wrap elementor-element-populated\">\n\t\t\t\t\t\t<div class=\"elementor-element elementor-element-cb8cd33 elementor-widget__width-inherit elementor-widget elementor-widget-image\" data-id=\"cb8cd33\" data-element_type=\"widget\" data-e-type=\"widget\" data-widget_type=\"image.default\">\n\t\t\t\t<div class=\"elementor-widget-container\">\n\t\t\t\t\t\t\t\t\t\t\t\t\t\t\t<img fetchpriority=\"high\" decoding=\"async\" width=\"1000\" height=\"666\" src=\"https:\/\/www.nord-ester.fr\/wp-content\/uploads\/2022\/05\/DJI_0130-resize.jpg\" class=\"attachment-full size-full wp-image-4812\" alt=\"dji 0130 resize\" srcset=\"https:\/\/www.nord-ester.fr\/wp-content\/uploads\/2022\/05\/DJI_0130-resize.jpg 1000w, https:\/\/www.nord-ester.fr\/wp-content\/uploads\/2022\/05\/DJI_0130-resize-18x12.jpg 18w\" sizes=\"(max-width: 1000px) 100vw, 1000px\" \/>\t\t\t\t\t\t\t\t\t\t\t\t\t\t\t<\/div>\n\t\t\t\t<\/div>\n\t\t\t\t\t<\/div>\n\t\t<\/div>\n\t\t\t\t<div class=\"elementor-column elementor-col-50 elementor-top-column elementor-element elementor-element-23cd1bd\" data-id=\"23cd1bd\" data-element_type=\"column\" data-e-type=\"column\">\n\t\t\t<div class=\"elementor-widget-wrap elementor-element-populated\">\n\t\t\t\t\t\t<div data-dce-title-color=\"#000000\" class=\"elementor-element elementor-element-0223968 elementor-widget elementor-widget-heading\" data-id=\"0223968\" data-element_type=\"widget\" data-e-type=\"widget\" data-widget_type=\"heading.default\">\n\t\t\t\t<div class=\"elementor-widget-container\">\n\t\t\t\t\t<h2 class=\"elementor-heading-title elementor-size-default\">Our <span>history<\/span> <\/h2>\t\t\t\t<\/div>\n\t\t\t\t<\/div>\n\t\t\t\t<div class=\"elementor-element elementor-element-f579962 elementor-widget elementor-widget-text-editor\" data-id=\"f579962\" data-element_type=\"widget\" data-e-type=\"widget\" data-widget_type=\"text-editor.default\">\n\t\t\t\t<div class=\"elementor-widget-container\">\n\t\t\t\t\t\t\t\t\t<p>Created in 2006 by the Daudruy company, Nord- Ester was born of a desire to diversify. From rapeseed to used cooking oil, the history of Nord-Ester is written with the ecological transition.<\/p>\t\t\t\t\t\t\t\t<\/div>\n\t\t\t\t<\/div>\n\t\t\t\t<section class=\"elementor-section elementor-inner-section elementor-element elementor-element-b41c2a6 elementor-section-boxed elementor-section-height-default elementor-section-height-default\" data-id=\"b41c2a6\" data-element_type=\"section\" data-e-type=\"section\">\n\t\t\t\t\t\t<div class=\"elementor-container elementor-column-gap-default\">\n\t\t\t\t\t<div class=\"elementor-column elementor-col-100 elementor-inner-column elementor-element elementor-element-31fe25c\" data-id=\"31fe25c\" data-element_type=\"column\" data-e-type=\"column\">\n\t\t\t<div class=\"elementor-widget-wrap elementor-element-populated\">\n\t\t\t\t\t\t<div class=\"elementor-element elementor-element-288fed4 elementor-align-left btn-icon elementor-widget__width-auto elementor-widget elementor-widget-button\" data-id=\"288fed4\" data-element_type=\"widget\" data-e-type=\"widget\" data-widget_type=\"button.default\">\n\t\t\t\t<div class=\"elementor-widget-container\">\n\t\t\t\t\t\t\t\t\t<div class=\"elementor-button-wrapper\">\n\t\t\t\t\t<a class=\"elementor-button elementor-button-link elementor-size-sm\" href=\"https:\/\/www.nord-ester.fr\/en\/a-propos\/notre-histoire\/\">\n\t\t\t\t\t\t<span class=\"elementor-button-content-wrapper\">\n\t\t\t\t\t\t<span class=\"elementor-button-icon\">\n\t\t\t\t<svg xmlns=\"http:\/\/www.w3.org\/2000\/svg\" xmlns:xlink=\"http:\/\/www.w3.org\/1999\/xlink\" xmlns:svgjs=\"http:\/\/svgjs.com\/svgjs\" width=\"512\" height=\"512\" x=\"0\" y=\"0\" viewbox=\"0 0 512 512\" style=\"enable-background:new 0 0 512 512\" xml:space=\"preserve\" class=\"\"><g><g xmlns=\"http:\/\/www.w3.org\/2000\/svg\">\t<g>\t\t<path d=\"M506.134,241.843c-0.006-0.006-0.011-0.013-0.018-0.019l-104.504-104c-7.829-7.791-20.492-7.762-28.285,0.068    c-7.792,7.829-7.762,20.492,0.067,28.284L443.558,236H20c-11.046,0-20,8.954-20,20c0,11.046,8.954,20,20,20h423.557    l-70.162,69.824c-7.829,7.792-7.859,20.455-0.067,28.284c7.793,7.831,20.457,7.858,28.285,0.068l104.504-104    c0.006-0.006,0.011-0.013,0.018-0.019C513.968,262.339,513.943,249.635,506.134,241.843z\" fill=\"#00A749\" data-original=\"#000000\"><\/path>\t<\/g><\/g><g xmlns=\"http:\/\/www.w3.org\/2000\/svg\"><\/g><g xmlns=\"http:\/\/www.w3.org\/2000\/svg\"><\/g><g xmlns=\"http:\/\/www.w3.org\/2000\/svg\"><\/g><g xmlns=\"http:\/\/www.w3.org\/2000\/svg\"><\/g><g xmlns=\"http:\/\/www.w3.org\/2000\/svg\"><\/g><g xmlns=\"http:\/\/www.w3.org\/2000\/svg\"><\/g><g xmlns=\"http:\/\/www.w3.org\/2000\/svg\"><\/g><g xmlns=\"http:\/\/www.w3.org\/2000\/svg\"><\/g><g xmlns=\"http:\/\/www.w3.org\/2000\/svg\"><\/g><g xmlns=\"http:\/\/www.w3.org\/2000\/svg\"><\/g><g xmlns=\"http:\/\/www.w3.org\/2000\/svg\"><\/g><g xmlns=\"http:\/\/www.w3.org\/2000\/svg\"><\/g><g xmlns=\"http:\/\/www.w3.org\/2000\/svg\"><\/g><g xmlns=\"http:\/\/www.w3.org\/2000\/svg\"><\/g><g xmlns=\"http:\/\/www.w3.org\/2000\/svg\"><\/g><\/g><\/svg>\t\t\t<\/span>\n\t\t\t\t\t\t\t\t\t<span class=\"elementor-button-text\"><span class=\"wave\">Browse<\/span> History<\/span>\n\t\t\t\t\t<\/span>\n\t\t\t\t\t<\/a>\n\t\t\t\t<\/div>\n\t\t\t\t\t\t\t\t<\/div>\n\t\t\t\t<\/div>\n\t\t\t\t\t<\/div>\n\t\t<\/div>\n\t\t\t\t\t<\/div>\n\t\t<\/section>\n\t\t\t\t\t<\/div>\n\t\t<\/div>\n\t\t\t\t\t<\/div>\n\t\t<\/section>\n\t\t\t\t<section class=\"elementor-section elementor-top-section elementor-element elementor-element-d1e176c elementor-reverse-mobile elementor-section-boxed elementor-section-height-default elementor-section-height-default\" data-id=\"d1e176c\" data-element_type=\"section\" data-e-type=\"section\">\n\t\t\t\t\t\t<div class=\"elementor-container elementor-column-gap-default\">\n\t\t\t\t\t<div class=\"elementor-column elementor-col-50 elementor-top-column elementor-element elementor-element-92eca44\" data-id=\"92eca44\" data-element_type=\"column\" data-e-type=\"column\">\n\t\t\t<div class=\"elementor-widget-wrap elementor-element-populated\">\n\t\t\t\t\t\t<div data-dce-title-color=\"#000000\" class=\"elementor-element elementor-element-293326a elementor-widget elementor-widget-heading\" data-id=\"293326a\" data-element_type=\"widget\" data-e-type=\"widget\" data-widget_type=\"heading.default\">\n\t\t\t\t<div class=\"elementor-widget-container\">\n\t\t\t\t\t<h2 class=\"elementor-heading-title elementor-size-default\">Our <span>engagements<\/span><\/h2>\t\t\t\t<\/div>\n\t\t\t\t<\/div>\n\t\t\t\t<div class=\"elementor-element elementor-element-ee0b3df elementor-widget elementor-widget-text-editor\" data-id=\"ee0b3df\" data-element_type=\"widget\" data-e-type=\"widget\" data-widget_type=\"text-editor.default\">\n\t\t\t\t<div class=\"elementor-widget-container\">\n\t\t\t\t\t\t\t\t\t<p>We are the first \"first generation\" biodiesel unit to produce methyl ester from animal fats and used cooking oils. Our productions are evolving towards increasingly sustainable products in line with our commitments and objectives.<\/p>\t\t\t\t\t\t\t\t<\/div>\n\t\t\t\t<\/div>\n\t\t\t\t<div class=\"elementor-element elementor-element-5264037 elementor-align-left btn-icon elementor-widget__width-auto elementor-widget elementor-widget-button\" data-id=\"5264037\" data-element_type=\"widget\" data-e-type=\"widget\" data-widget_type=\"button.default\">\n\t\t\t\t<div class=\"elementor-widget-container\">\n\t\t\t\t\t\t\t\t\t<div class=\"elementor-button-wrapper\">\n\t\t\t\t\t<a class=\"elementor-button elementor-button-link elementor-size-sm\" href=\"https:\/\/www.nord-ester.fr\/en\/a-propos\/nos-engagements\/\">\n\t\t\t\t\t\t<span class=\"elementor-button-content-wrapper\">\n\t\t\t\t\t\t<span class=\"elementor-button-icon\">\n\t\t\t\t<svg xmlns=\"http:\/\/www.w3.org\/2000\/svg\" xmlns:xlink=\"http:\/\/www.w3.org\/1999\/xlink\" xmlns:svgjs=\"http:\/\/svgjs.com\/svgjs\" width=\"512\" height=\"512\" x=\"0\" y=\"0\" viewbox=\"0 0 512 512\" style=\"enable-background:new 0 0 512 512\" xml:space=\"preserve\" class=\"\"><g><g xmlns=\"http:\/\/www.w3.org\/2000\/svg\">\t<g>\t\t<path d=\"M506.134,241.843c-0.006-0.006-0.011-0.013-0.018-0.019l-104.504-104c-7.829-7.791-20.492-7.762-28.285,0.068    c-7.792,7.829-7.762,20.492,0.067,28.284L443.558,236H20c-11.046,0-20,8.954-20,20c0,11.046,8.954,20,20,20h423.557    l-70.162,69.824c-7.829,7.792-7.859,20.455-0.067,28.284c7.793,7.831,20.457,7.858,28.285,0.068l104.504-104    c0.006-0.006,0.011-0.013,0.018-0.019C513.968,262.339,513.943,249.635,506.134,241.843z\" fill=\"#00A749\" data-original=\"#000000\"><\/path>\t<\/g><\/g><g xmlns=\"http:\/\/www.w3.org\/2000\/svg\"><\/g><g xmlns=\"http:\/\/www.w3.org\/2000\/svg\"><\/g><g xmlns=\"http:\/\/www.w3.org\/2000\/svg\"><\/g><g xmlns=\"http:\/\/www.w3.org\/2000\/svg\"><\/g><g xmlns=\"http:\/\/www.w3.org\/2000\/svg\"><\/g><g xmlns=\"http:\/\/www.w3.org\/2000\/svg\"><\/g><g xmlns=\"http:\/\/www.w3.org\/2000\/svg\"><\/g><g xmlns=\"http:\/\/www.w3.org\/2000\/svg\"><\/g><g xmlns=\"http:\/\/www.w3.org\/2000\/svg\"><\/g><g xmlns=\"http:\/\/www.w3.org\/2000\/svg\"><\/g><g xmlns=\"http:\/\/www.w3.org\/2000\/svg\"><\/g><g xmlns=\"http:\/\/www.w3.org\/2000\/svg\"><\/g><g xmlns=\"http:\/\/www.w3.org\/2000\/svg\"><\/g><g xmlns=\"http:\/\/www.w3.org\/2000\/svg\"><\/g><g xmlns=\"http:\/\/www.w3.org\/2000\/svg\"><\/g><\/g><\/svg>\t\t\t<\/span>\n\t\t\t\t\t\t\t\t\t<span class=\"elementor-button-text\"><span class=\"wave\">Know <\/span>more<\/span>\n\t\t\t\t\t<\/span>\n\t\t\t\t\t<\/a>\n\t\t\t\t<\/div>\n\t\t\t\t\t\t\t\t<\/div>\n\t\t\t\t<\/div>\n\t\t\t\t\t<\/div>\n\t\t<\/div>\n\t\t\t\t<div class=\"elementor-column elementor-col-50 elementor-top-column elementor-element elementor-element-5e28ba7\" data-id=\"5e28ba7\" data-element_type=\"column\" data-e-type=\"column\">\n\t\t\t<div class=\"elementor-widget-wrap elementor-element-populated\">\n\t\t\t\t\t\t<div class=\"elementor-element elementor-element-cd50f50 elementor-widget__width-inherit elementor-widget elementor-widget-image\" data-id=\"cd50f50\" data-element_type=\"widget\" data-e-type=\"widget\" data-widget_type=\"image.default\">\n\t\t\t\t<div class=\"elementor-widget-container\">\n\t\t\t\t\t\t\t\t\t\t\t\t\t\t\t<img decoding=\"async\" width=\"1200\" height=\"800\" src=\"https:\/\/www.nord-ester.fr\/wp-content\/uploads\/2022\/05\/DSC00369.jpg\" class=\"attachment-full size-full wp-image-4814\" alt=\"dsc00369\" srcset=\"https:\/\/www.nord-ester.fr\/wp-content\/uploads\/2022\/05\/DSC00369.jpg 1200w, https:\/\/www.nord-ester.fr\/wp-content\/uploads\/2022\/05\/DSC00369-18x12.jpg 18w\" sizes=\"(max-width: 1200px) 100vw, 1200px\" \/>\t\t\t\t\t\t\t\t\t\t\t\t\t\t\t<\/div>\n\t\t\t\t<\/div>\n\t\t\t\t\t<\/div>\n\t\t<\/div>\n\t\t\t\t\t<\/div>\n\t\t<\/section>\n\t\t\t\t<section class=\"elementor-section elementor-top-section elementor-element elementor-element-5e781cc elementor-section-boxed elementor-section-height-default elementor-section-height-default\" data-id=\"5e781cc\" data-element_type=\"section\" data-e-type=\"section\">\n\t\t\t\t\t\t<div class=\"elementor-container elementor-column-gap-default\">\n\t\t\t\t\t<div class=\"elementor-column elementor-col-50 elementor-top-column elementor-element elementor-element-da08ad1\" data-id=\"da08ad1\" data-element_type=\"column\" data-e-type=\"column\">\n\t\t\t<div class=\"elementor-widget-wrap elementor-element-populated\">\n\t\t\t\t\t\t<div class=\"elementor-element elementor-element-09b689f elementor-widget__width-inherit elementor-widget elementor-widget-image\" data-id=\"09b689f\" data-element_type=\"widget\" data-e-type=\"widget\" data-widget_type=\"image.default\">\n\t\t\t\t<div class=\"elementor-widget-container\">\n\t\t\t\t\t\t\t\t\t\t\t\t\t\t\t<img decoding=\"async\" width=\"1600\" height=\"1067\" src=\"https:\/\/www.nord-ester.fr\/wp-content\/uploads\/2023\/06\/2023-06-Daudruy-091.jpg\" class=\"attachment-full size-full wp-image-7571\" alt=\"daudruy\" srcset=\"https:\/\/www.nord-ester.fr\/wp-content\/uploads\/2023\/06\/2023-06-Daudruy-091.jpg 1600w, https:\/\/www.nord-ester.fr\/wp-content\/uploads\/2023\/06\/2023-06-Daudruy-091-1536x1024.jpg 1536w, https:\/\/www.nord-ester.fr\/wp-content\/uploads\/2023\/06\/2023-06-Daudruy-091-18x12.jpg 18w\" sizes=\"(max-width: 1600px) 100vw, 1600px\" \/>\t\t\t\t\t\t\t\t\t\t\t\t\t\t\t<\/div>\n\t\t\t\t<\/div>\n\t\t\t\t\t<\/div>\n\t\t<\/div>\n\t\t\t\t<div class=\"elementor-column elementor-col-50 elementor-top-column elementor-element elementor-element-865e1da bubles\" data-id=\"865e1da\" data-element_type=\"column\" data-e-type=\"column\">\n\t\t\t<div class=\"elementor-widget-wrap elementor-element-populated\">\n\t\t\t\t\t\t<div data-dce-title-color=\"#000000\" class=\"elementor-element elementor-element-7acd1be elementor-widget elementor-widget-heading\" data-id=\"7acd1be\" data-element_type=\"widget\" data-e-type=\"widget\" data-widget_type=\"heading.default\">\n\t\t\t\t<div class=\"elementor-widget-container\">\n\t\t\t\t\t<h2 class=\"elementor-heading-title elementor-size-default\">Our<span> employees<\/span><\/h2>\t\t\t\t<\/div>\n\t\t\t\t<\/div>\n\t\t\t\t<div class=\"elementor-element elementor-element-0c18053 elementor-widget elementor-widget-text-editor\" data-id=\"0c18053\" data-element_type=\"widget\" data-e-type=\"widget\" data-widget_type=\"text-editor.default\">\n\t\t\t\t<div class=\"elementor-widget-container\">\n\t\t\t\t\t\t\t\t\t<p>Commitment to our customers, to the planet and to our employees.<\/p>\t\t\t\t\t\t\t\t<\/div>\n\t\t\t\t<\/div>\n\t\t\t\t<div class=\"elementor-element elementor-element-887f200 elementor-align-left btn-icon elementor-widget__width-auto elementor-widget elementor-widget-button\" data-id=\"887f200\" data-element_type=\"widget\" data-e-type=\"widget\" data-widget_type=\"button.default\">\n\t\t\t\t<div class=\"elementor-widget-container\">\n\t\t\t\t\t\t\t\t\t<div class=\"elementor-button-wrapper\">\n\t\t\t\t\t<a class=\"elementor-button elementor-button-link elementor-size-sm\" href=\"https:\/\/www.nord-ester.fr\/en\/a-propos\/nos-collaborateurs\/\">\n\t\t\t\t\t\t<span class=\"elementor-button-content-wrapper\">\n\t\t\t\t\t\t<span class=\"elementor-button-icon\">\n\t\t\t\t<svg xmlns=\"http:\/\/www.w3.org\/2000\/svg\" xmlns:xlink=\"http:\/\/www.w3.org\/1999\/xlink\" xmlns:svgjs=\"http:\/\/svgjs.com\/svgjs\" width=\"512\" height=\"512\" x=\"0\" y=\"0\" viewbox=\"0 0 512 512\" style=\"enable-background:new 0 0 512 512\" xml:space=\"preserve\" class=\"\"><g><g xmlns=\"http:\/\/www.w3.org\/2000\/svg\">\t<g>\t\t<path d=\"M506.134,241.843c-0.006-0.006-0.011-0.013-0.018-0.019l-104.504-104c-7.829-7.791-20.492-7.762-28.285,0.068    c-7.792,7.829-7.762,20.492,0.067,28.284L443.558,236H20c-11.046,0-20,8.954-20,20c0,11.046,8.954,20,20,20h423.557    l-70.162,69.824c-7.829,7.792-7.859,20.455-0.067,28.284c7.793,7.831,20.457,7.858,28.285,0.068l104.504-104    c0.006-0.006,0.011-0.013,0.018-0.019C513.968,262.339,513.943,249.635,506.134,241.843z\" fill=\"#00A749\" data-original=\"#000000\"><\/path>\t<\/g><\/g><g xmlns=\"http:\/\/www.w3.org\/2000\/svg\"><\/g><g xmlns=\"http:\/\/www.w3.org\/2000\/svg\"><\/g><g xmlns=\"http:\/\/www.w3.org\/2000\/svg\"><\/g><g xmlns=\"http:\/\/www.w3.org\/2000\/svg\"><\/g><g xmlns=\"http:\/\/www.w3.org\/2000\/svg\"><\/g><g xmlns=\"http:\/\/www.w3.org\/2000\/svg\"><\/g><g xmlns=\"http:\/\/www.w3.org\/2000\/svg\"><\/g><g xmlns=\"http:\/\/www.w3.org\/2000\/svg\"><\/g><g xmlns=\"http:\/\/www.w3.org\/2000\/svg\"><\/g><g xmlns=\"http:\/\/www.w3.org\/2000\/svg\"><\/g><g xmlns=\"http:\/\/www.w3.org\/2000\/svg\"><\/g><g xmlns=\"http:\/\/www.w3.org\/2000\/svg\"><\/g><g xmlns=\"http:\/\/www.w3.org\/2000\/svg\"><\/g><g xmlns=\"http:\/\/www.w3.org\/2000\/svg\"><\/g><g xmlns=\"http:\/\/www.w3.org\/2000\/svg\"><\/g><\/g><\/svg>\t\t\t<\/span>\n\t\t\t\t\t\t\t\t\t<span class=\"elementor-button-text\"><span class=\"wave\">Discover<\/span><\/span>\n\t\t\t\t\t<\/span>\n\t\t\t\t\t<\/a>\n\t\t\t\t<\/div>\n\t\t\t\t\t\t\t\t<\/div>\n\t\t\t\t<\/div>\n\t\t\t\t\t<\/div>\n\t\t<\/div>\n\t\t\t\t\t<\/div>\n\t\t<\/section>\n\t\t\t\t<\/div>","protected":false},"excerpt":{"rendered":"<p>\u00c0 propos Depuis son lancement, l\u2019usine fonctionne 24h\/24h et 7j\/7j et s\u2019appuit sur les synergies d\u2019autres services et filiales. L\u2019histoire de Nord-Ester est intimement li\u00e9e \u00e0 celle de la soci\u00e9t\u00e9 historique du site, la soci\u00e9t\u00e9 Daudruy. Notre histoire Cr\u00e9\u00e9 en 2006 par la soci\u00e9t\u00e9 Daudruy, Nord- Ester na\u00eet d\u2019une volont\u00e9 de diversification. Du colza aux [&hellip;]<\/p>\n","protected":false},"author":1,"featured_media":0,"parent":0,"menu_order":0,"comment_status":"closed","ping_status":"closed","template":"","meta":{"_acf_changed":false,"_seopress_robots_primary_cat":"","_seopress_titles_title":"","_seopress_titles_desc":"","_seopress_robots_index":"","footnotes":""},"class_list":["post-645","page","type-page","status-publish","hentry"],"acf":[],"_links":{"self":[{"href":"https:\/\/www.nord-ester.fr\/en\/wp-json\/wp\/v2\/pages\/645","targetHints":{"allow":["GET"]}}],"collection":[{"href":"https:\/\/www.nord-ester.fr\/en\/wp-json\/wp\/v2\/pages"}],"about":[{"href":"https:\/\/www.nord-ester.fr\/en\/wp-json\/wp\/v2\/types\/page"}],"author":[{"embeddable":true,"href":"https:\/\/www.nord-ester.fr\/en\/wp-json\/wp\/v2\/users\/1"}],"replies":[{"embeddable":true,"href":"https:\/\/www.nord-ester.fr\/en\/wp-json\/wp\/v2\/comments?post=645"}],"version-history":[{"count":388,"href":"https:\/\/www.nord-ester.fr\/en\/wp-json\/wp\/v2\/pages\/645\/revisions"}],"predecessor-version":[{"id":7574,"href":"https:\/\/www.nord-ester.fr\/en\/wp-json\/wp\/v2\/pages\/645\/revisions\/7574"}],"wp:attachment":[{"href":"https:\/\/www.nord-ester.fr\/en\/wp-json\/wp\/v2\/media?parent=645"}],"curies":[{"name":"wp","href":"https:\/\/api.w.org\/{rel}","templated":true}]}}