{"id":3228,"date":"2022-05-02T11:54:27","date_gmt":"2022-05-02T09:54:27","guid":{"rendered":"https:\/\/www.nord-ester.fr\/?page_id=3228"},"modified":"2026-02-26T16:27:00","modified_gmt":"2026-02-26T15:27:00","slug":"nos-collaborateurs","status":"publish","type":"page","link":"https:\/\/www.nord-ester.fr\/en\/a-propos\/nos-collaborateurs","title":{"rendered":"People at Nord-Ester"},"content":{"rendered":"<div data-elementor-type=\"wp-page\" data-elementor-id=\"3228\" class=\"elementor elementor-3228\" data-elementor-post-type=\"page\">\n\t\t\t\t\t\t<section class=\"elementor-section elementor-top-section elementor-element elementor-element-c2eecce elementor-section-content-middle elementor-section-height-full elementor-section-boxed elementor-section-height-default elementor-section-items-middle\" data-id=\"c2eecce\" data-element_type=\"section\" data-e-type=\"section\" data-settings=\"{&quot;background_background&quot;:&quot;classic&quot;}\">\n\t\t\t\t\t\t<div class=\"elementor-container elementor-column-gap-default\">\n\t\t\t\t\t<div class=\"elementor-column elementor-col-50 elementor-top-column elementor-element elementor-element-a6f93ae header-buble left bottom\" data-id=\"a6f93ae\" data-element_type=\"column\" data-e-type=\"column\">\n\t\t\t<div class=\"elementor-widget-wrap elementor-element-populated\">\n\t\t\t\t\t\t<div class=\"elementor-element elementor-element-9611f63 elementor-widget elementor-widget-heading\" data-id=\"9611f63\" data-element_type=\"widget\" data-e-type=\"widget\" data-widget_type=\"heading.default\">\n\t\t\t\t<div class=\"elementor-widget-container\">\n\t\t\t\t\t<h3 class=\"elementor-heading-title elementor-size-default\">\u00c0 propos &gt; Nos collaborateurs<\/h3>\t\t\t\t<\/div>\n\t\t\t\t<\/div>\n\t\t\t\t<div data-dce-title-color=\"#000000\" class=\"elementor-element elementor-element-3a77acf elementor-widget elementor-widget-heading\" data-id=\"3a77acf\" data-element_type=\"widget\" data-e-type=\"widget\" data-widget_type=\"heading.default\">\n\t\t\t\t<div class=\"elementor-widget-container\">\n\t\t\t\t\t<h1 class=\"elementor-heading-title elementor-size-default\">Our <span>employees<\/span><\/h1>\t\t\t\t<\/div>\n\t\t\t\t<\/div>\n\t\t\t\t<div class=\"elementor-element elementor-element-bced382 elementor-widget elementor-widget-text-editor\" data-id=\"bced382\" data-element_type=\"widget\" data-e-type=\"widget\" data-widget_type=\"text-editor.default\">\n\t\t\t\t<div class=\"elementor-widget-container\">\n\t\t\t\t\t\t\t\t\t<p>Competence, expertise and motivation, our teams work 24\/7 to satisfy our customers.<\/p>\t\t\t\t\t\t\t\t<\/div>\n\t\t\t\t<\/div>\n\t\t\t\t<div class=\"elementor-element elementor-element-05e8996 elementor-widget elementor-widget-image\" data-id=\"05e8996\" data-element_type=\"widget\" data-e-type=\"widget\" data-widget_type=\"image.default\">\n\t\t\t\t<div class=\"elementor-widget-container\">\n\t\t\t\t\t\t\t\t\t\t\t\t\t\t\t<img decoding=\"async\" width=\"477\" height=\"38\" src=\"https:\/\/www.nord-ester.fr\/wp-content\/uploads\/2022\/04\/Groupe-815.svg\" class=\"attachment-full size-full wp-image-2552\" alt=\"groupe 815\" \/>\t\t\t\t\t\t\t\t\t\t\t\t\t\t\t<\/div>\n\t\t\t\t<\/div>\n\t\t\t\t\t<\/div>\n\t\t<\/div>\n\t\t\t\t<div class=\"elementor-column elementor-col-50 elementor-top-column elementor-element elementor-element-132971b elementor-hidden-mobile\" data-id=\"132971b\" data-element_type=\"column\" data-e-type=\"column\">\n\t\t\t<div class=\"elementor-widget-wrap elementor-element-populated\">\n\t\t\t\t\t\t<div class=\"elementor-element elementor-element-c30f81b elementor-widget elementor-widget-image\" data-id=\"c30f81b\" data-element_type=\"widget\" data-e-type=\"widget\" data-widget_type=\"image.default\">\n\t\t\t\t<div class=\"elementor-widget-container\">\n\t\t\t\t\t\t\t\t\t\t\t\t\t\t\t<img fetchpriority=\"high\" decoding=\"async\" width=\"2560\" height=\"1707\" src=\"https:\/\/www.nord-ester.fr\/wp-content\/uploads\/2022\/05\/DSC00372-min-scaled.jpg\" class=\"attachment-full size-full wp-image-3234\" alt=\"dsc00372 min\" srcset=\"https:\/\/www.nord-ester.fr\/wp-content\/uploads\/2022\/05\/DSC00372-min-scaled.jpg 2560w, https:\/\/www.nord-ester.fr\/wp-content\/uploads\/2022\/05\/DSC00372-min-1536x1024.jpg 1536w, https:\/\/www.nord-ester.fr\/wp-content\/uploads\/2022\/05\/DSC00372-min-2048x1365.jpg 2048w, https:\/\/www.nord-ester.fr\/wp-content\/uploads\/2022\/05\/DSC00372-min-18x12.jpg 18w\" sizes=\"(max-width: 2560px) 100vw, 2560px\" \/>\t\t\t\t\t\t\t\t\t\t\t\t\t\t\t<\/div>\n\t\t\t\t<\/div>\n\t\t\t\t\t<\/div>\n\t\t<\/div>\n\t\t\t\t\t<\/div>\n\t\t<\/section>\n\t\t\t\t<section class=\"elementor-section elementor-top-section elementor-element elementor-element-cff87ee elementor-section-boxed elementor-section-height-default elementor-section-height-default\" data-id=\"cff87ee\" data-element_type=\"section\" data-e-type=\"section\">\n\t\t\t\t\t\t<div class=\"elementor-container elementor-column-gap-default\">\n\t\t\t\t\t<div class=\"elementor-column elementor-col-50 elementor-top-column elementor-element elementor-element-fbd27eb\" data-id=\"fbd27eb\" data-element_type=\"column\" data-e-type=\"column\">\n\t\t\t<div class=\"elementor-widget-wrap elementor-element-populated\">\n\t\t\t\t\t\t<div class=\"elementor-element elementor-element-bf60ffe elementor-widget__width-inherit elementor-widget elementor-widget-image\" data-id=\"bf60ffe\" data-element_type=\"widget\" data-e-type=\"widget\" data-widget_type=\"image.default\">\n\t\t\t\t<div class=\"elementor-widget-container\">\n\t\t\t\t\t\t\t\t\t\t\t\t\t\t\t<img decoding=\"async\" width=\"2560\" height=\"1707\" src=\"https:\/\/www.nord-ester.fr\/wp-content\/uploads\/2023\/06\/2023-06-Daudruy-109-scaled.jpg\" class=\"attachment-full size-full wp-image-7608\" alt=\"daudruy\" srcset=\"https:\/\/www.nord-ester.fr\/wp-content\/uploads\/2023\/06\/2023-06-Daudruy-109-scaled.jpg 2560w, https:\/\/www.nord-ester.fr\/wp-content\/uploads\/2023\/06\/2023-06-Daudruy-109-1536x1024.jpg 1536w, https:\/\/www.nord-ester.fr\/wp-content\/uploads\/2023\/06\/2023-06-Daudruy-109-2048x1365.jpg 2048w, https:\/\/www.nord-ester.fr\/wp-content\/uploads\/2023\/06\/2023-06-Daudruy-109-18x12.jpg 18w\" sizes=\"(max-width: 2560px) 100vw, 2560px\" \/>\t\t\t\t\t\t\t\t\t\t\t\t\t\t\t<\/div>\n\t\t\t\t<\/div>\n\t\t\t\t\t<\/div>\n\t\t<\/div>\n\t\t\t\t<div class=\"elementor-column elementor-col-50 elementor-top-column elementor-element elementor-element-ea71b39\" data-id=\"ea71b39\" data-element_type=\"column\" data-e-type=\"column\">\n\t\t\t<div class=\"elementor-widget-wrap elementor-element-populated\">\n\t\t\t\t\t\t<div data-dce-title-color=\"#000000\" class=\"elementor-element elementor-element-5c1c865 elementor-widget elementor-widget-heading\" data-id=\"5c1c865\" data-element_type=\"widget\" data-e-type=\"widget\" data-widget_type=\"heading.default\">\n\t\t\t\t<div class=\"elementor-widget-container\">\n\t\t\t\t\t<h2 class=\"elementor-heading-title elementor-size-default translation-block\">Join a <span> virtuous company <span \/><\/h2>\t\t\t\t<\/div>\n\t\t\t\t<\/div>\n\t\t\t\t<div class=\"elementor-element elementor-element-20f70fb elementor-widget elementor-widget-text-editor\" data-id=\"20f70fb\" data-element_type=\"widget\" data-e-type=\"widget\" data-widget_type=\"text-editor.default\">\n\t\t\t\t<div class=\"elementor-widget-container\">\n\t\t\t\t\t\t\t\t\t<p>Limit our environmental impact by reducing our dependence on fossil fuels. To propose alternative and innovative solutions. It's our objectives. So if, like us, you want to have an impact and contribute to the energy transition : join us!<\/p>\t\t\t\t\t\t\t\t<\/div>\n\t\t\t\t<\/div>\n\t\t\t\t<div class=\"elementor-element elementor-element-2a79044 elementor-align-center btn-icon elementor-widget__width-auto elementor-widget elementor-widget-button\" data-id=\"2a79044\" data-element_type=\"widget\" data-e-type=\"widget\" data-widget_type=\"button.default\">\n\t\t\t\t<div class=\"elementor-widget-container\">\n\t\t\t\t\t\t\t\t\t<div class=\"elementor-button-wrapper\">\n\t\t\t\t\t<a class=\"elementor-button elementor-button-link elementor-size-sm\" href=\"https:\/\/daudruy.fr\/a-propos\/espace-carriere\">\n\t\t\t\t\t\t<span class=\"elementor-button-content-wrapper\">\n\t\t\t\t\t\t<span class=\"elementor-button-icon\">\n\t\t\t\t<svg xmlns=\"http:\/\/www.w3.org\/2000\/svg\" xmlns:xlink=\"http:\/\/www.w3.org\/1999\/xlink\" xmlns:svgjs=\"http:\/\/svgjs.com\/svgjs\" width=\"512\" height=\"512\" x=\"0\" y=\"0\" viewbox=\"0 0 512 512\" style=\"enable-background:new 0 0 512 512\" xml:space=\"preserve\" class=\"\"><g><g xmlns=\"http:\/\/www.w3.org\/2000\/svg\">\t<g>\t\t<path d=\"M506.134,241.843c-0.006-0.006-0.011-0.013-0.018-0.019l-104.504-104c-7.829-7.791-20.492-7.762-28.285,0.068    c-7.792,7.829-7.762,20.492,0.067,28.284L443.558,236H20c-11.046,0-20,8.954-20,20c0,11.046,8.954,20,20,20h423.557    l-70.162,69.824c-7.829,7.792-7.859,20.455-0.067,28.284c7.793,7.831,20.457,7.858,28.285,0.068l104.504-104    c0.006-0.006,0.011-0.013,0.018-0.019C513.968,262.339,513.943,249.635,506.134,241.843z\" fill=\"#00A749\" data-original=\"#000000\"><\/path>\t<\/g><\/g><g xmlns=\"http:\/\/www.w3.org\/2000\/svg\"><\/g><g xmlns=\"http:\/\/www.w3.org\/2000\/svg\"><\/g><g xmlns=\"http:\/\/www.w3.org\/2000\/svg\"><\/g><g xmlns=\"http:\/\/www.w3.org\/2000\/svg\"><\/g><g xmlns=\"http:\/\/www.w3.org\/2000\/svg\"><\/g><g xmlns=\"http:\/\/www.w3.org\/2000\/svg\"><\/g><g xmlns=\"http:\/\/www.w3.org\/2000\/svg\"><\/g><g xmlns=\"http:\/\/www.w3.org\/2000\/svg\"><\/g><g xmlns=\"http:\/\/www.w3.org\/2000\/svg\"><\/g><g xmlns=\"http:\/\/www.w3.org\/2000\/svg\"><\/g><g xmlns=\"http:\/\/www.w3.org\/2000\/svg\"><\/g><g xmlns=\"http:\/\/www.w3.org\/2000\/svg\"><\/g><g xmlns=\"http:\/\/www.w3.org\/2000\/svg\"><\/g><g xmlns=\"http:\/\/www.w3.org\/2000\/svg\"><\/g><g xmlns=\"http:\/\/www.w3.org\/2000\/svg\"><\/g><\/g><\/svg>\t\t\t<\/span>\n\t\t\t\t\t\t\t\t\t<span class=\"elementor-button-text\"><span class=\"wave\">Discover<\/span> jobs<\/span>\n\t\t\t\t\t<\/span>\n\t\t\t\t\t<\/a>\n\t\t\t\t<\/div>\n\t\t\t\t\t\t\t\t<\/div>\n\t\t\t\t<\/div>\n\t\t\t\t\t<\/div>\n\t\t<\/div>\n\t\t\t\t\t<\/div>\n\t\t<\/section>\n\t\t\t\t<section class=\"elementor-section elementor-top-section elementor-element elementor-element-1f8d5cf elementor-section-boxed elementor-section-height-default elementor-section-height-default\" data-id=\"1f8d5cf\" data-element_type=\"section\" data-e-type=\"section\">\n\t\t\t\t\t\t<div class=\"elementor-container elementor-column-gap-default\">\n\t\t\t\t\t<div class=\"elementor-column elementor-col-50 elementor-top-column elementor-element elementor-element-89e1e13\" data-id=\"89e1e13\" data-element_type=\"column\" data-e-type=\"column\">\n\t\t\t<div class=\"elementor-widget-wrap elementor-element-populated\">\n\t\t\t\t\t\t<div data-dce-title-color=\"#000000\" class=\"elementor-element elementor-element-0d80c00 elementor-widget elementor-widget-heading\" data-id=\"0d80c00\" data-element_type=\"widget\" data-e-type=\"widget\" data-widget_type=\"heading.default\">\n\t\t\t\t<div class=\"elementor-widget-container\">\n\t\t\t\t\t<h2 class=\"elementor-heading-title elementor-size-default\"><span>Control of<\/span> value chain\n <\/h2>\t\t\t\t<\/div>\n\t\t\t\t<\/div>\n\t\t\t\t<div class=\"elementor-element elementor-element-2b12936 elementor-widget elementor-widget-text-editor\" data-id=\"2b12936\" data-element_type=\"widget\" data-e-type=\"widget\" data-widget_type=\"text-editor.default\">\n\t\t\t\t<div class=\"elementor-widget-container translation-block\">We are able to give you oil thanks to the<a style=\"text-decoration: none\" href=\"https:\/\/www.daudruy.fr\/\" target=\"_self\"><span style=\"color: #00a749\"><strong> Daudruy company<\/strong><\/span> <\/a>and collect it after use through <a style=\"text-decoration: none\" href=\"https:\/\/www.oleovia.fr\/\" target=\"_self\"><span style=\"color: #00a749\"><strong>Oleovia<\/strong><\/span><\/a>.We then process it at Nord-Ester in our transesterification unit.<\/div>\n\t\t\t\t<\/div>\n\t\t\t\t<div class=\"elementor-element elementor-element-f57e534 elementor-align-center btn-icon elementor-widget__width-auto elementor-widget elementor-widget-button\" data-id=\"f57e534\" data-element_type=\"widget\" data-e-type=\"widget\" data-widget_type=\"button.default\">\n\t\t\t\t<div class=\"elementor-widget-container\">\n\t\t\t\t\t\t\t\t\t<div class=\"elementor-button-wrapper\">\n\t\t\t\t\t<a class=\"elementor-button elementor-button-link elementor-size-sm\" href=\"https:\/\/daudruy.fr\/a-propos\/espace-carriere\">\n\t\t\t\t\t\t<span class=\"elementor-button-content-wrapper\">\n\t\t\t\t\t\t<span class=\"elementor-button-icon\">\n\t\t\t\t<svg xmlns=\"http:\/\/www.w3.org\/2000\/svg\" xmlns:xlink=\"http:\/\/www.w3.org\/1999\/xlink\" xmlns:svgjs=\"http:\/\/svgjs.com\/svgjs\" width=\"512\" height=\"512\" x=\"0\" y=\"0\" viewbox=\"0 0 512 512\" style=\"enable-background:new 0 0 512 512\" xml:space=\"preserve\" class=\"\"><g><g xmlns=\"http:\/\/www.w3.org\/2000\/svg\">\t<g>\t\t<path d=\"M506.134,241.843c-0.006-0.006-0.011-0.013-0.018-0.019l-104.504-104c-7.829-7.791-20.492-7.762-28.285,0.068    c-7.792,7.829-7.762,20.492,0.067,28.284L443.558,236H20c-11.046,0-20,8.954-20,20c0,11.046,8.954,20,20,20h423.557    l-70.162,69.824c-7.829,7.792-7.859,20.455-0.067,28.284c7.793,7.831,20.457,7.858,28.285,0.068l104.504-104    c0.006-0.006,0.011-0.013,0.018-0.019C513.968,262.339,513.943,249.635,506.134,241.843z\" fill=\"#00A749\" data-original=\"#000000\"><\/path>\t<\/g><\/g><g xmlns=\"http:\/\/www.w3.org\/2000\/svg\"><\/g><g xmlns=\"http:\/\/www.w3.org\/2000\/svg\"><\/g><g xmlns=\"http:\/\/www.w3.org\/2000\/svg\"><\/g><g xmlns=\"http:\/\/www.w3.org\/2000\/svg\"><\/g><g xmlns=\"http:\/\/www.w3.org\/2000\/svg\"><\/g><g xmlns=\"http:\/\/www.w3.org\/2000\/svg\"><\/g><g xmlns=\"http:\/\/www.w3.org\/2000\/svg\"><\/g><g xmlns=\"http:\/\/www.w3.org\/2000\/svg\"><\/g><g xmlns=\"http:\/\/www.w3.org\/2000\/svg\"><\/g><g xmlns=\"http:\/\/www.w3.org\/2000\/svg\"><\/g><g xmlns=\"http:\/\/www.w3.org\/2000\/svg\"><\/g><g xmlns=\"http:\/\/www.w3.org\/2000\/svg\"><\/g><g xmlns=\"http:\/\/www.w3.org\/2000\/svg\"><\/g><g xmlns=\"http:\/\/www.w3.org\/2000\/svg\"><\/g><g xmlns=\"http:\/\/www.w3.org\/2000\/svg\"><\/g><\/g><\/svg>\t\t\t<\/span>\n\t\t\t\t\t\t\t\t\t<span class=\"elementor-button-text\"><span class=\"wave\">Discover<\/span> jobs<\/span>\n\t\t\t\t\t<\/span>\n\t\t\t\t\t<\/a>\n\t\t\t\t<\/div>\n\t\t\t\t\t\t\t\t<\/div>\n\t\t\t\t<\/div>\n\t\t\t\t\t<\/div>\n\t\t<\/div>\n\t\t\t\t<div class=\"elementor-column elementor-col-50 elementor-top-column elementor-element elementor-element-4342dd3\" data-id=\"4342dd3\" data-element_type=\"column\" data-e-type=\"column\">\n\t\t\t<div class=\"elementor-widget-wrap elementor-element-populated\">\n\t\t\t\t\t\t<div class=\"elementor-element elementor-element-a37c7f9 elementor-widget__width-inherit elementor-widget elementor-widget-image\" data-id=\"a37c7f9\" data-element_type=\"widget\" data-e-type=\"widget\" data-widget_type=\"image.default\">\n\t\t\t\t<div class=\"elementor-widget-container\">\n\t\t\t\t\t\t\t\t\t\t\t\t\t\t\t<img loading=\"lazy\" decoding=\"async\" width=\"2560\" height=\"1707\" src=\"https:\/\/www.nord-ester.fr\/wp-content\/uploads\/2022\/05\/DSC00387-min-scaled.jpg\" class=\"attachment-full size-full wp-image-3232\" alt=\"dsc00387 min\" srcset=\"https:\/\/www.nord-ester.fr\/wp-content\/uploads\/2022\/05\/DSC00387-min-scaled.jpg 2560w, https:\/\/www.nord-ester.fr\/wp-content\/uploads\/2022\/05\/DSC00387-min-1536x1024.jpg 1536w, https:\/\/www.nord-ester.fr\/wp-content\/uploads\/2022\/05\/DSC00387-min-2048x1365.jpg 2048w, https:\/\/www.nord-ester.fr\/wp-content\/uploads\/2022\/05\/DSC00387-min-18x12.jpg 18w\" sizes=\"(max-width: 2560px) 100vw, 2560px\" \/>\t\t\t\t\t\t\t\t\t\t\t\t\t\t\t<\/div>\n\t\t\t\t<\/div>\n\t\t\t\t\t<\/div>\n\t\t<\/div>\n\t\t\t\t\t<\/div>\n\t\t<\/section>\n\t\t\t\t<section class=\"elementor-section elementor-top-section elementor-element elementor-element-d55e9ec elementor-reverse-mobile elementor-section-boxed elementor-section-height-default elementor-section-height-default\" data-id=\"d55e9ec\" data-element_type=\"section\" data-e-type=\"section\">\n\t\t\t\t\t\t<div class=\"elementor-container elementor-column-gap-default\">\n\t\t\t\t\t<div class=\"elementor-column elementor-col-50 elementor-top-column elementor-element elementor-element-104233c elementor-hidden-mobile\" data-id=\"104233c\" data-element_type=\"column\" data-e-type=\"column\">\n\t\t\t<div class=\"elementor-widget-wrap elementor-element-populated\">\n\t\t\t\t\t\t<div class=\"elementor-element elementor-element-18d6bbf elementor-widget__width-auto elementor-widget elementor-widget-image\" data-id=\"18d6bbf\" data-element_type=\"widget\" data-e-type=\"widget\" data-widget_type=\"image.default\">\n\t\t\t\t<div class=\"elementor-widget-container\">\n\t\t\t\t\t\t\t\t\t\t\t\t\t\t\t<img loading=\"lazy\" decoding=\"async\" width=\"5293\" height=\"7936\" src=\"https:\/\/www.nord-ester.fr\/wp-content\/uploads\/2023\/06\/M-Daudruy-e1688126335754.jpg\" class=\"attachment-full size-full wp-image-7610\" alt=\"daudruy\" srcset=\"https:\/\/www.nord-ester.fr\/wp-content\/uploads\/2023\/06\/M-Daudruy-e1688126335754.jpg 5293w, https:\/\/www.nord-ester.fr\/wp-content\/uploads\/2023\/06\/M-Daudruy-e1688126335754-1024x1536.jpg 1024w, https:\/\/www.nord-ester.fr\/wp-content\/uploads\/2023\/06\/M-Daudruy-e1688126335754-8x12.jpg 8w, https:\/\/www.nord-ester.fr\/wp-content\/uploads\/2023\/06\/M-Daudruy-e1688126335754-1366x2048.jpg 1366w\" sizes=\"(max-width: 5293px) 100vw, 5293px\" \/>\t\t\t\t\t\t\t\t\t\t\t\t\t\t\t<\/div>\n\t\t\t\t<\/div>\n\t\t\t\t\t<\/div>\n\t\t<\/div>\n\t\t\t\t<div class=\"elementor-column elementor-col-50 elementor-top-column elementor-element elementor-element-638130e\" data-id=\"638130e\" data-element_type=\"column\" data-e-type=\"column\">\n\t\t\t<div class=\"elementor-widget-wrap elementor-element-populated\">\n\t\t\t\t\t\t<section class=\"elementor-section elementor-inner-section elementor-element elementor-element-21faa5c elementor-section-boxed elementor-section-height-default elementor-section-height-default\" data-id=\"21faa5c\" data-element_type=\"section\" data-e-type=\"section\" data-settings=\"{&quot;background_background&quot;:&quot;classic&quot;}\">\n\t\t\t\t\t\t<div class=\"elementor-container elementor-column-gap-default\">\n\t\t\t\t\t<div class=\"elementor-column elementor-col-100 elementor-inner-column elementor-element elementor-element-8e0de32\" data-id=\"8e0de32\" data-element_type=\"column\" data-e-type=\"column\">\n\t\t\t<div class=\"elementor-widget-wrap elementor-element-populated\">\n\t\t\t\t\t\t<div class=\"elementor-element elementor-element-c573e3a elementor-widget elementor-widget-text-editor\" data-id=\"c573e3a\" data-element_type=\"widget\" data-e-type=\"widget\" data-widget_type=\"text-editor.default\">\n\t\t\t\t<div class=\"elementor-widget-container translation-block\">\"When Nord- Ester was created, it took boldness, courage and self-sacrifice.\"\n<br>\n<span style=\"font-size:16px\">Dominique DAUDRUY, president<\/span><\/div>\n\t\t\t\t<\/div>\n\t\t\t\t\t<\/div>\n\t\t<\/div>\n\t\t\t\t\t<\/div>\n\t\t<\/section>\n\t\t\t\t\t<\/div>\n\t\t<\/div>\n\t\t\t\t\t<\/div>\n\t\t<\/section>\n\t\t\t\t<section class=\"elementor-section elementor-top-section elementor-element elementor-element-68048e4 elementor-section-boxed elementor-section-height-default elementor-section-height-default\" data-id=\"68048e4\" data-element_type=\"section\" data-e-type=\"section\">\n\t\t\t\t\t\t<div class=\"elementor-container elementor-column-gap-default\">\n\t\t\t\t\t<div class=\"elementor-column elementor-col-100 elementor-top-column elementor-element elementor-element-4fb69e3\" data-id=\"4fb69e3\" data-element_type=\"column\" data-e-type=\"column\">\n\t\t\t<div class=\"elementor-widget-wrap elementor-element-populated\">\n\t\t\t\t\t\t<div data-dce-title-color=\"#00A749\" class=\"elementor-element elementor-element-c064534 elementor-widget elementor-widget-heading\" data-id=\"c064534\" data-element_type=\"widget\" data-e-type=\"widget\" data-widget_type=\"heading.default\">\n\t\t\t\t<div class=\"elementor-widget-container\">\n\t\t\t\t\t<h2 class=\"elementor-heading-title elementor-size-default\">D\u00e9couvrez les offres d'emploi disponibles sur le site<\/h2>\t\t\t\t<\/div>\n\t\t\t\t<\/div>\n\t\t\t\t<div class=\"elementor-element elementor-element-30eb55a elementor-widget__width-initial e-transform elementor-widget elementor-widget-image\" data-id=\"30eb55a\" data-element_type=\"widget\" data-e-type=\"widget\" data-settings=\"{&quot;_transform_scale_effect&quot;:{&quot;unit&quot;:&quot;px&quot;,&quot;size&quot;:1.8,&quot;sizes&quot;:[]},&quot;_transform_scale_effect_tablet&quot;:{&quot;unit&quot;:&quot;px&quot;,&quot;size&quot;:&quot;&quot;,&quot;sizes&quot;:[]},&quot;_transform_scale_effect_mobile&quot;:{&quot;unit&quot;:&quot;px&quot;,&quot;size&quot;:&quot;&quot;,&quot;sizes&quot;:[]}}\" data-widget_type=\"image.default\">\n\t\t\t\t<div class=\"elementor-widget-container\">\n\t\t\t\t\t\t\t\t\t\t\t\t\t\t\t\t<a href=\"https:\/\/daudruy.fr\/a-propos\/espace-carriere\" target=\"_blank\">\n\t\t\t\t\t\t\t<img loading=\"lazy\" decoding=\"async\" width=\"249\" height=\"75\" src=\"https:\/\/www.nord-ester.fr\/wp-content\/uploads\/2022\/05\/logo-vert-daudruy.svg\" class=\"attachment-full size-full wp-image-4845\" alt=\"logo vert daudruy\" \/>\t\t\t\t\t\t\t\t<\/a>\n\t\t\t\t\t\t\t\t\t\t\t\t\t\t\t<\/div>\n\t\t\t\t<\/div>\n\t\t\t\t<div class=\"elementor-element elementor-element-44b08ce elementor-widget elementor-widget-text-editor\" data-id=\"44b08ce\" data-element_type=\"widget\" data-e-type=\"widget\" data-widget_type=\"text-editor.default\">\n\t\t\t\t<div class=\"elementor-widget-container\">\n\t\t\t\t\t\t\t\t\t<p>Nous disposons de diverses offres d&#8217;emploi pr\u00e9sent\u00e9es sur le site de Daudruy.\u00a0<br \/>Vous pouvez \u00e9galement nous contacter par email : <strong><span style=\"text-decoration: underline;\">recrutement@daudruy.fr<\/span><\/strong> ou par t\u00e9l\u00e9phone au <span style=\"text-decoration: underline;\"><strong>+33 3 28 61 98 35<\/strong><\/span> pour en apprendre plus sur l\u2019entreprise et ses m\u00e9tiers.<\/p><p>Daudruy Van Cauwenberghe is taking over the historical activity of refining vegetable and animal oils and fats. Despite its 200 years of existence, the company remains on the cutting edge of tomorrow's challenges: feeding the planet while limiting its footprint on the environment.<\/p>\t\t\t\t\t\t\t\t<\/div>\n\t\t\t\t<\/div>\n\t\t\t\t<div class=\"elementor-element elementor-element-f0a045c elementor-align-center btn-icon elementor-widget__width-inherit elementor-widget elementor-widget-button\" data-id=\"f0a045c\" data-element_type=\"widget\" data-e-type=\"widget\" data-widget_type=\"button.default\">\n\t\t\t\t<div class=\"elementor-widget-container\">\n\t\t\t\t\t\t\t\t\t<div class=\"elementor-button-wrapper\">\n\t\t\t\t\t<a class=\"elementor-button elementor-button-link elementor-size-sm\" href=\"https:\/\/daudruy.fr\/a-propos\/espace-carriere\">\n\t\t\t\t\t\t<span class=\"elementor-button-content-wrapper\">\n\t\t\t\t\t\t<span class=\"elementor-button-icon\">\n\t\t\t\t<svg xmlns=\"http:\/\/www.w3.org\/2000\/svg\" xmlns:xlink=\"http:\/\/www.w3.org\/1999\/xlink\" xmlns:svgjs=\"http:\/\/svgjs.com\/svgjs\" width=\"512\" height=\"512\" x=\"0\" y=\"0\" viewbox=\"0 0 512 512\" style=\"enable-background:new 0 0 512 512\" xml:space=\"preserve\" class=\"\"><g><g xmlns=\"http:\/\/www.w3.org\/2000\/svg\">\t<g>\t\t<path d=\"M506.134,241.843c-0.006-0.006-0.011-0.013-0.018-0.019l-104.504-104c-7.829-7.791-20.492-7.762-28.285,0.068    c-7.792,7.829-7.762,20.492,0.067,28.284L443.558,236H20c-11.046,0-20,8.954-20,20c0,11.046,8.954,20,20,20h423.557    l-70.162,69.824c-7.829,7.792-7.859,20.455-0.067,28.284c7.793,7.831,20.457,7.858,28.285,0.068l104.504-104    c0.006-0.006,0.011-0.013,0.018-0.019C513.968,262.339,513.943,249.635,506.134,241.843z\" fill=\"#00A749\" data-original=\"#000000\"><\/path>\t<\/g><\/g><g xmlns=\"http:\/\/www.w3.org\/2000\/svg\"><\/g><g xmlns=\"http:\/\/www.w3.org\/2000\/svg\"><\/g><g xmlns=\"http:\/\/www.w3.org\/2000\/svg\"><\/g><g xmlns=\"http:\/\/www.w3.org\/2000\/svg\"><\/g><g xmlns=\"http:\/\/www.w3.org\/2000\/svg\"><\/g><g xmlns=\"http:\/\/www.w3.org\/2000\/svg\"><\/g><g xmlns=\"http:\/\/www.w3.org\/2000\/svg\"><\/g><g xmlns=\"http:\/\/www.w3.org\/2000\/svg\"><\/g><g xmlns=\"http:\/\/www.w3.org\/2000\/svg\"><\/g><g xmlns=\"http:\/\/www.w3.org\/2000\/svg\"><\/g><g xmlns=\"http:\/\/www.w3.org\/2000\/svg\"><\/g><g xmlns=\"http:\/\/www.w3.org\/2000\/svg\"><\/g><g xmlns=\"http:\/\/www.w3.org\/2000\/svg\"><\/g><g xmlns=\"http:\/\/www.w3.org\/2000\/svg\"><\/g><g xmlns=\"http:\/\/www.w3.org\/2000\/svg\"><\/g><\/g><\/svg>\t\t\t<\/span>\n\t\t\t\t\t\t\t\t\t<span class=\"elementor-button-text\"><span class=\"wave\">Carreer<\/span> center Daudruy<\/span>\n\t\t\t\t\t<\/span>\n\t\t\t\t\t<\/a>\n\t\t\t\t<\/div>\n\t\t\t\t\t\t\t\t<\/div>\n\t\t\t\t<\/div>\n\t\t\t\t\t<\/div>\n\t\t<\/div>\n\t\t\t\t\t<\/div>\n\t\t<\/section>\n\t\t\t\t<\/div>","protected":false},"excerpt":{"rendered":"<p>\u00c0 propos &gt; Nos collaborateurs Nos collaborateurs Comp\u00e9tence, expertise et motivation, nos \u00e9quipes travaillent 24h\/24h et 7jours\/7 pour satisfaire nos clients. Rejoindre une entreprise vertueuse Limiter notre impact environnemental en r\u00e9duisant notre d\u00e9pendance aux \u00e9nergies d\u2019origines fossile. Proposer des solutions alternatives et innovantes. Ce sont nos objectifs. Alors si comme nous, vous souhaitez avoir un [&hellip;]<\/p>\n","protected":false},"author":1,"featured_media":0,"parent":645,"menu_order":0,"comment_status":"closed","ping_status":"closed","template":"","meta":{"_acf_changed":false,"_seopress_robots_primary_cat":"","_seopress_titles_title":"","_seopress_titles_desc":"","_seopress_robots_index":"","footnotes":""},"class_list":["post-3228","page","type-page","status-publish","hentry"],"acf":[],"_links":{"self":[{"href":"https:\/\/www.nord-ester.fr\/en\/wp-json\/wp\/v2\/pages\/3228","targetHints":{"allow":["GET"]}}],"collection":[{"href":"https:\/\/www.nord-ester.fr\/en\/wp-json\/wp\/v2\/pages"}],"about":[{"href":"https:\/\/www.nord-ester.fr\/en\/wp-json\/wp\/v2\/types\/page"}],"author":[{"embeddable":true,"href":"https:\/\/www.nord-ester.fr\/en\/wp-json\/wp\/v2\/users\/1"}],"replies":[{"embeddable":true,"href":"https:\/\/www.nord-ester.fr\/en\/wp-json\/wp\/v2\/comments?post=3228"}],"version-history":[{"count":140,"href":"https:\/\/www.nord-ester.fr\/en\/wp-json\/wp\/v2\/pages\/3228\/revisions"}],"predecessor-version":[{"id":18590,"href":"https:\/\/www.nord-ester.fr\/en\/wp-json\/wp\/v2\/pages\/3228\/revisions\/18590"}],"up":[{"embeddable":true,"href":"https:\/\/www.nord-ester.fr\/en\/wp-json\/wp\/v2\/pages\/645"}],"wp:attachment":[{"href":"https:\/\/www.nord-ester.fr\/en\/wp-json\/wp\/v2\/media?parent=3228"}],"curies":[{"name":"wp","href":"https:\/\/api.w.org\/{rel}","templated":true}]}}